{"id":87,"date":"2024-07-04T09:37:10","date_gmt":"2024-07-04T06:37:10","guid":{"rendered":"https:\/\/beca.md\/?page_id=87"},"modified":"2024-07-19T15:39:59","modified_gmt":"2024-07-19T12:39:59","slug":"3d-%d0%bf%d1%80%d0%b8%d0%bd%d1%82%d0%b5%d1%80%d1%8b","status":"publish","type":"page","link":"https:\/\/beca.md\/?page_id=87","title":{"rendered":"imprimante 3D"},"content":{"rendered":"<p>V\u00e2nz\u0103ri la comand\u0103, produc\u0103tori globali:<\/p>\n<ul>\n<li><strong>PRUSA<\/strong><\/li>\n<li><strong>CREALITY<\/strong><\/li>\n<\/ul>\n<p><\/p>","protected":false},"excerpt":{"rendered":"<p>V\u00e2nz\u0103ri la comand\u0103, produc\u0103tori globali: PRUSA CREALITY<\/p>\n","protected":false},"author":1,"featured_media":0,"parent":0,"menu_order":0,"comment_status":"closed","ping_status":"closed","template":"","meta":{"footnotes":""},"class_list":["post-87","page","type-page","status-publish","hentry"],"_links":{"self":[{"href":"https:\/\/beca.md\/index.php?rest_route=\/wp\/v2\/pages\/87","targetHints":{"allow":["GET"]}}],"collection":[{"href":"https:\/\/beca.md\/index.php?rest_route=\/wp\/v2\/pages"}],"about":[{"href":"https:\/\/beca.md\/index.php?rest_route=\/wp\/v2\/types\/page"}],"author":[{"embeddable":true,"href":"https:\/\/beca.md\/index.php?rest_route=\/wp\/v2\/users\/1"}],"replies":[{"embeddable":true,"href":"https:\/\/beca.md\/index.php?rest_route=%2Fwp%2Fv2%2Fcomments&post=87"}],"version-history":[{"count":7,"href":"https:\/\/beca.md\/index.php?rest_route=\/wp\/v2\/pages\/87\/revisions"}],"predecessor-version":[{"id":138,"href":"https:\/\/beca.md\/index.php?rest_route=\/wp\/v2\/pages\/87\/revisions\/138"}],"wp:attachment":[{"href":"https:\/\/beca.md\/index.php?rest_route=%2Fwp%2Fv2%2Fmedia&parent=87"}],"curies":[{"name":"wp","href":"https:\/\/api.w.org\/{rel}","templated":true}]}}