{"id":55,"date":"2024-07-03T15:12:50","date_gmt":"2024-07-03T12:12:50","guid":{"rendered":"https:\/\/beca.md\/?page_id=55"},"modified":"2024-07-19T15:44:17","modified_gmt":"2024-07-19T12:44:17","slug":"%d0%bd%d0%b0%d1%88%d0%b0-%d0%bf%d0%be%d0%bb%d0%b8%d1%82%d0%b8%d0%ba%d0%b0","status":"publish","type":"page","link":"https:\/\/beca.md\/?page_id=55","title":{"rendered":"Politica noastr\u0103"},"content":{"rendered":"<p><strong>Exploreaz\u0103, colaboreaz\u0103, inoveaz\u0103 \u0219i rezolv\u0103<\/strong><\/p>\n<p>Ne straduim sa fim un furnizor de solutii tehnologice de incredere, capabil sa ofere servicii in functie de nevoile clientului si parametrii care ni se par potriviti. Pentru a face acest lucru, trebuie s\u0103 fim dispu\u0219i s\u0103 \u00eenv\u0103\u021b\u0103m constant \u0219i astfel s\u0103 permitem acestei experien\u021be s\u0103 ne ghideze luarea deciziilor. Iar cea mai bun\u0103 modalitate de a \u00eembun\u0103t\u0103\u021bi experien\u021ba companiei este de a colabora la obiective comune, de a contribui \u0219i de a cre\u0219te \u00eempreun\u0103.<\/p>\n<p>Toate aceste instrumente \u00eempreun\u0103 ne permit s\u0103 rezolv\u0103m eficient \u0219i specific problemele emergente, cre\u00e2nd leg\u0103turi de \u00eencredere cu cei care beneficiaz\u0103 de serviciile noastre \u0219i extinz\u00e2nd oportunit\u0103\u021bile pie\u021bei de tehnologie \u00een ora\u0219 \u0219i \u021bar\u0103.<\/p>","protected":false},"excerpt":{"rendered":"<p>Exploreaz\u0103, colaboreaz\u0103, inoveaz\u0103 \u0219i rezolv\u0103 Ne straduim sa fim un furnizor de solutii tehnologice de incredere, capabil sa ofere servicii in functie de nevoile clientului si parametrii care ni se par potriviti. Pentru a face acest lucru, trebuie s\u0103 fim dispu\u0219i s\u0103 \u00eenv\u0103\u021b\u0103m constant \u0219i astfel s\u0103 permitem acestei experien\u021be s\u0103 ne ghideze luarea deciziilor. [&hellip;]<\/p>\n","protected":false},"author":1,"featured_media":0,"parent":0,"menu_order":0,"comment_status":"closed","ping_status":"closed","template":"","meta":{"footnotes":""},"class_list":["post-55","page","type-page","status-publish","hentry"],"_links":{"self":[{"href":"https:\/\/beca.md\/index.php?rest_route=\/wp\/v2\/pages\/55","targetHints":{"allow":["GET"]}}],"collection":[{"href":"https:\/\/beca.md\/index.php?rest_route=\/wp\/v2\/pages"}],"about":[{"href":"https:\/\/beca.md\/index.php?rest_route=\/wp\/v2\/types\/page"}],"author":[{"embeddable":true,"href":"https:\/\/beca.md\/index.php?rest_route=\/wp\/v2\/users\/1"}],"replies":[{"embeddable":true,"href":"https:\/\/beca.md\/index.php?rest_route=%2Fwp%2Fv2%2Fcomments&post=55"}],"version-history":[{"count":4,"href":"https:\/\/beca.md\/index.php?rest_route=\/wp\/v2\/pages\/55\/revisions"}],"predecessor-version":[{"id":146,"href":"https:\/\/beca.md\/index.php?rest_route=\/wp\/v2\/pages\/55\/revisions\/146"}],"wp:attachment":[{"href":"https:\/\/beca.md\/index.php?rest_route=%2Fwp%2Fv2%2Fmedia&parent=55"}],"curies":[{"name":"wp","href":"https:\/\/api.w.org\/{rel}","templated":true}]}}