{"id":51,"date":"2024-07-03T15:12:03","date_gmt":"2024-07-03T12:12:03","guid":{"rendered":"https:\/\/beca.md\/?page_id=51"},"modified":"2024-07-19T15:26:19","modified_gmt":"2024-07-19T12:26:19","slug":"%d0%be-%d0%bd%d0%b0%d1%81","status":"publish","type":"page","link":"https:\/\/beca.md\/?page_id=51","title":{"rendered":"Despre noi"},"content":{"rendered":"<p><strong>Integrator IT<\/strong><br \/>\nBECA Systems este un integrator de sisteme informatice. Scopul nostru este s\u0103 atingem excelen\u021ba \u00een hardware-ul computerelor \u0219i serverelor, stocare, re\u021bele, voce, date, software, wireless \u0219i securitate.<\/p>\n<p><strong>Cei mai renumi\u021bi produc\u0103tori OEM<\/strong><br \/>\nCompania noastr\u0103 reprezint\u0103 cei mai renumi\u021bi OEM din industrie \u0219i se afl\u0103 \u00een fruntea valului lor de tehnologie. Adic\u0103 \u0219tim tehnologia, unde a fost \u0219i \u00een ce direc\u021bie se mi\u0219c\u0103. Solu\u021biile pe care le oferim, implement\u0103m \u0219i sprijinim sunt concepute pentru a duce clien\u021bii la urm\u0103torul nivel de tehnologie. Ne str\u0103duim s\u0103 cre\u0103m solu\u021bii de calitate care s\u0103 ofere eficien\u021b\u0103, eficacitate \u0219i rentabilitate a investi\u021biei.<\/p>\n<p><strong>Busol\u0103 IT independent\u0103<\/strong><br \/>\nSuntem o busol\u0103 IT puternic\u0103 \u0219i independent\u0103 care ne ghideaz\u0103 clien\u021bii c\u0103tre succes. Fie c\u0103 este vorba despre o simpl\u0103 v\u00e2nzare de hardware sau software, o solu\u021bie de \u00eentreprindere cuprinz\u0103toare sau un model complet de outsourcing, echipa noastr\u0103 sau consultan\u021bii de v\u00e2nz\u0103ri experimenta\u021bi, arhitec\u021bii de solu\u021bii, inginerii, managerii de proiect \u0219i speciali\u0219tii tehnici se angajeaz\u0103 s\u0103 se asigure c\u0103 proiectul dvs. unic este finalizat la timp \u0219i la buget.<\/p>\n<p><strong>Orientarea c\u0103tre client<\/strong><br \/>\nLucr\u0103m cu clien\u021bi din diferite zone geografice \u0219i sectoare de afaceri, de la \u00eentreprinderi mici la \u00eentreprinderi globale, precum \u0219i \u00een sectorul public, educa\u021bie \u0219i asisten\u021b\u0103 medical\u0103, ajut\u00e2nd clien\u021bii s\u0103 devin\u0103 mai eficien\u021bi \u00een capacitatea lor de a r\u0103spunde nevoilor de afaceri \u0219i competitive.<\/p>\n<p><img loading=\"lazy\" decoding=\"async\" class=\"size-full wp-image-66 aligncenter\" src=\"https:\/\/beca.md\/wp-content\/uploads\/2024\/07\/Team_Slider.jpg\" alt=\"\" width=\"1470\" height=\"980\" srcset=\"https:\/\/beca.md\/wp-content\/uploads\/2024\/07\/Team_Slider.jpg 1470w, https:\/\/beca.md\/wp-content\/uploads\/2024\/07\/Team_Slider-300x200.jpg 300w, https:\/\/beca.md\/wp-content\/uploads\/2024\/07\/Team_Slider-1024x683.jpg 1024w, https:\/\/beca.md\/wp-content\/uploads\/2024\/07\/Team_Slider-768x512.jpg 768w\" sizes=\"auto, (max-width: 1470px) 100vw, 1470px\" \/><\/p>","protected":false},"excerpt":{"rendered":"<p>Integrator IT BECA Systems este un integrator de sisteme informatice. Scopul nostru este s\u0103 atingem excelen\u021ba \u00een hardware-ul computerelor \u0219i serverelor, stocare, re\u021bele, voce, date, software, wireless \u0219i securitate. Cei mai renumi\u021bi produc\u0103tori OEM Compania noastr\u0103 reprezint\u0103 cei mai renumi\u021bi OEM din industrie \u0219i se afl\u0103 \u00een fruntea valului lor de tehnologie. Adic\u0103 \u0219tim tehnologia, [&hellip;]<\/p>\n","protected":false},"author":1,"featured_media":0,"parent":0,"menu_order":0,"comment_status":"closed","ping_status":"closed","template":"","meta":{"footnotes":""},"class_list":["post-51","page","type-page","status-publish","hentry"],"_links":{"self":[{"href":"https:\/\/beca.md\/index.php?rest_route=\/wp\/v2\/pages\/51","targetHints":{"allow":["GET"]}}],"collection":[{"href":"https:\/\/beca.md\/index.php?rest_route=\/wp\/v2\/pages"}],"about":[{"href":"https:\/\/beca.md\/index.php?rest_route=\/wp\/v2\/types\/page"}],"author":[{"embeddable":true,"href":"https:\/\/beca.md\/index.php?rest_route=\/wp\/v2\/users\/1"}],"replies":[{"embeddable":true,"href":"https:\/\/beca.md\/index.php?rest_route=%2Fwp%2Fv2%2Fcomments&post=51"}],"version-history":[{"count":9,"href":"https:\/\/beca.md\/index.php?rest_route=\/wp\/v2\/pages\/51\/revisions"}],"predecessor-version":[{"id":126,"href":"https:\/\/beca.md\/index.php?rest_route=\/wp\/v2\/pages\/51\/revisions\/126"}],"wp:attachment":[{"href":"https:\/\/beca.md\/index.php?rest_route=%2Fwp%2Fv2%2Fmedia&parent=51"}],"curies":[{"name":"wp","href":"https:\/\/api.w.org\/{rel}","templated":true}]}}